{"id":541,"date":"2021-01-17T14:59:36","date_gmt":"2021-01-17T14:59:36","guid":{"rendered":"http:\/\/euryclee-conseil.com\/?page_id=541"},"modified":"2021-01-18T23:34:14","modified_gmt":"2021-01-18T23:34:14","slug":"accueil","status":"publish","type":"page","link":"https:\/\/euryclee-conseil.com\/","title":{"rendered":"Home"},"content":{"rendered":"\t\t<div data-elementor-type=\"wp-page\" data-elementor-id=\"541\" class=\"elementor elementor-541\" data-elementor-settings=\"[]\">\n\t\t\t\t\t\t<div class=\"elementor-inner\">\n\t\t\t\t\t\t\t<div class=\"elementor-section-wrap\">\n\t\t\t\t\t\t\t<section class=\"elementor-section elementor-top-section elementor-element elementor-element-c01558b elementor-section-boxed elementor-section-height-default elementor-section-height-default\" data-id=\"c01558b\" data-element_type=\"section\">\n\t\t\t\t\t\t<div class=\"elementor-container elementor-column-gap-default\">\n\t\t\t\t\t\t\t<div class=\"elementor-row\">\n\t\t\t\t\t<div class=\"elementor-column elementor-col-100 elementor-top-column elementor-element elementor-element-945a234\" data-id=\"945a234\" data-element_type=\"column\">\n\t\t\t<div class=\"elementor-column-wrap elementor-element-populated\">\n\t\t\t\t\t\t\t<div class=\"elementor-widget-wrap\">\n\t\t\t\t\t\t<div class=\"elementor-element elementor-element-1af0969 elementor-widget elementor-widget-image\" data-id=\"1af0969\" data-element_type=\"widget\" data-widget_type=\"image.default\">\n\t\t\t\t<div class=\"elementor-widget-container\">\n\t\t\t\t\t<div class=\"elementor-image\">\n\t\t\t\t\t\t\t\t\t\t<img loading=\"lazy\" decoding=\"async\" width=\"675\" height=\"121\" src=\"https:\/\/euryclee-conseil.com\/wp-content\/uploads\/2021\/01\/logo_euryclee_fondtransparent.png\" class=\"attachment-large size-large\" alt=\"\" srcset=\"https:\/\/euryclee-conseil.com\/wp-content\/uploads\/2021\/01\/logo_euryclee_fondtransparent.png 675w, https:\/\/euryclee-conseil.com\/wp-content\/uploads\/2021\/01\/logo_euryclee_fondtransparent-300x54.png 300w\" sizes=\"auto, (max-width: 675px) 100vw, 675px\" \/>\t\t\t\t\t\t\t\t\t\t\t<\/div>\n\t\t\t\t<\/div>\n\t\t\t\t<\/div>\n\t\t\t\t\t\t<\/div>\n\t\t\t\t\t<\/div>\n\t\t<\/div>\n\t\t\t\t\t\t\t\t<\/div>\n\t\t\t\t\t<\/div>\n\t\t<\/section>\n\t\t\t\t<section class=\"elementor-section elementor-top-section elementor-element elementor-element-7ba187d9 elementor-section-boxed elementor-section-height-default elementor-section-height-default\" data-id=\"7ba187d9\" data-element_type=\"section\">\n\t\t\t\t\t\t<div class=\"elementor-container elementor-column-gap-default\">\n\t\t\t\t\t\t\t<div class=\"elementor-row\">\n\t\t\t\t\t<div class=\"elementor-column elementor-col-100 elementor-top-column elementor-element elementor-element-2fa17434\" data-id=\"2fa17434\" data-element_type=\"column\">\n\t\t\t<div class=\"elementor-column-wrap elementor-element-populated\">\n\t\t\t\t\t\t\t<div class=\"elementor-widget-wrap\">\n\t\t\t\t\t\t<div class=\"elementor-element elementor-element-75a51a4f elementor-widget elementor-widget-text-editor\" data-id=\"75a51a4f\" data-element_type=\"widget\" data-widget_type=\"text-editor.default\">\n\t\t\t\t<div class=\"elementor-widget-container\">\n\t\t\t\t\t<div class=\"elementor-text-editor elementor-clearfix\"><p><!-- wp:paragraph --><\/p>\n<p>Chez Eurycl\u00e9e Conseil, nous vous accompagnons\u00a0dans tous vos recrutements, qu\u2019il s\u2019agisse de fonctions classiques ou de m\u00e9tiers en tension, nous savons mettre en \u0153uvre les strat\u00e9gies pour d\u00e9tecter, attirer et \u00e9valuer les candidats dont vous avez besoin. Soucieux de s\u00e9lectionner le candidat ou la candidate qui pourra contribuer au d\u00e9veloppement de votre activit\u00e9, nous prendrons le temps de comprendre votre culture d\u2019entreprise, afin de vous proposer le profil et la personnalit\u00e9 qui feront la diff\u00e9rence<\/p>\n<p><!-- \/wp:paragraph --><\/p>\n<p><!-- wp:paragraph --><\/p>\n<p>Nous avons l\u2019habitude de traiter des missions en toute confidentialit\u00e9 et saurons nous adapter \u00e0 votre contexte et \u00e0 vos contraintes de d\u00e9lais.<\/p>\n<p><!-- \/wp:paragraph --><\/p><\/div>\n\t\t\t\t<\/div>\n\t\t\t\t<\/div>\n\t\t\t\t\t\t<\/div>\n\t\t\t\t\t<\/div>\n\t\t<\/div>\n\t\t\t\t\t\t\t\t<\/div>\n\t\t\t\t\t<\/div>\n\t\t<\/section>\n\t\t\t\t<section class=\"elementor-section elementor-top-section elementor-element elementor-element-3f4fd02 elementor-section-boxed elementor-section-height-default elementor-section-height-default\" data-id=\"3f4fd02\" data-element_type=\"section\">\n\t\t\t\t\t\t<div class=\"elementor-container elementor-column-gap-default\">\n\t\t\t\t\t\t\t<div class=\"elementor-row\">\n\t\t\t\t\t<div class=\"elementor-column elementor-col-100 elementor-top-column elementor-element elementor-element-0f2f4f2\" data-id=\"0f2f4f2\" data-element_type=\"column\">\n\t\t\t<div class=\"elementor-column-wrap elementor-element-populated\">\n\t\t\t\t\t\t\t<div class=\"elementor-widget-wrap\">\n\t\t\t\t\t\t<div class=\"elementor-element elementor-element-7baee49 elementor-widget elementor-widget-heading\" data-id=\"7baee49\" data-element_type=\"widget\" data-widget_type=\"heading.default\">\n\t\t\t\t<div class=\"elementor-widget-container\">\n\t\t\t<h2 class=\"elementor-heading-title elementor-size-default\">Pourquoi \u00ab&nbsp;Eurycl\u00e9e Conseil&nbsp;\u00bb&nbsp;?<\/h2>\t\t<\/div>\n\t\t\t\t<\/div>\n\t\t\t\t\t\t<\/div>\n\t\t\t\t\t<\/div>\n\t\t<\/div>\n\t\t\t\t\t\t\t\t<\/div>\n\t\t\t\t\t<\/div>\n\t\t<\/section>\n\t\t\t\t<section class=\"elementor-section elementor-top-section elementor-element elementor-element-848a1fe elementor-section-boxed elementor-section-height-default elementor-section-height-default\" data-id=\"848a1fe\" data-element_type=\"section\">\n\t\t\t\t\t\t<div class=\"elementor-container elementor-column-gap-default\">\n\t\t\t\t\t\t\t<div class=\"elementor-row\">\n\t\t\t\t\t<div class=\"elementor-column elementor-col-100 elementor-top-column elementor-element elementor-element-2ef39ba\" data-id=\"2ef39ba\" data-element_type=\"column\">\n\t\t\t<div class=\"elementor-column-wrap elementor-element-populated\">\n\t\t\t\t\t\t\t<div class=\"elementor-widget-wrap\">\n\t\t\t\t\t\t<div class=\"elementor-element elementor-element-8166ae5 elementor-widget elementor-widget-text-editor\" data-id=\"8166ae5\" data-element_type=\"widget\" data-widget_type=\"text-editor.default\">\n\t\t\t\t<div class=\"elementor-widget-container\">\n\t\t\t\t\t<div class=\"elementor-text-editor elementor-clearfix\"><p>Parce que telle la nourrice d\u2019Ulysse, nous aimons accompagner les h\u00e9ros avant m\u00eame qu\u2019ils ne le soient, nous les aidons \u00e0 se d\u00e9velopper pour d\u00e9livrer leur plein potentiel. Et parce que lorsqu\u2019ils sont cach\u00e9s dans la foule, nous savons les reconna\u00eetre, toujours pour les aider \u00e0 accomplir leur destin\u00e9e.<\/p>\n<p>Besoin d\u2019aide pour trouver le h\u00e9ros qui saura faire la diff\u00e9rence dans votre entreprise ? Contactez-nous \u00e0\u00a0<a href=\"mailto:contact@euryclee-conseil.fr\">contact@euryclee-conseil.fr<\/a><\/p>\n<p>ou au 06 67 55 86 32.<\/p><\/div>\n\t\t\t\t<\/div>\n\t\t\t\t<\/div>\n\t\t\t\t\t\t<\/div>\n\t\t\t\t\t<\/div>\n\t\t<\/div>\n\t\t\t\t\t\t\t\t<\/div>\n\t\t\t\t\t<\/div>\n\t\t<\/section>\n\t\t\t\t<section class=\"elementor-section elementor-top-section elementor-element elementor-element-888d504 elementor-section-boxed elementor-section-height-default elementor-section-height-default\" data-id=\"888d504\" data-element_type=\"section\">\n\t\t\t\t\t\t<div class=\"elementor-container elementor-column-gap-default\">\n\t\t\t\t\t\t\t<div class=\"elementor-row\">\n\t\t\t\t\t<div class=\"elementor-column elementor-col-100 elementor-top-column elementor-element elementor-element-29386e4\" data-id=\"29386e4\" data-element_type=\"column\">\n\t\t\t<div class=\"elementor-column-wrap elementor-element-populated\">\n\t\t\t\t\t\t\t<div class=\"elementor-widget-wrap\">\n\t\t\t\t\t\t<div class=\"elementor-element elementor-element-a840f21 elementor-widget elementor-widget-heading\" data-id=\"a840f21\" data-element_type=\"widget\" data-widget_type=\"heading.default\">\n\t\t\t\t<div class=\"elementor-widget-container\">\n\t\t\t<h2 class=\"elementor-heading-title elementor-size-default\">Qui sommes-nous&nbsp;?<\/h2>\t\t<\/div>\n\t\t\t\t<\/div>\n\t\t\t\t\t\t<\/div>\n\t\t\t\t\t<\/div>\n\t\t<\/div>\n\t\t\t\t\t\t\t\t<\/div>\n\t\t\t\t\t<\/div>\n\t\t<\/section>\n\t\t\t\t<section class=\"elementor-section elementor-top-section elementor-element elementor-element-656ffbc elementor-section-boxed elementor-section-height-default elementor-section-height-default\" data-id=\"656ffbc\" data-element_type=\"section\">\n\t\t\t\t\t\t<div class=\"elementor-container elementor-column-gap-default\">\n\t\t\t\t\t\t\t<div class=\"elementor-row\">\n\t\t\t\t\t<div class=\"elementor-column elementor-col-100 elementor-top-column elementor-element elementor-element-9e51fea\" data-id=\"9e51fea\" data-element_type=\"column\">\n\t\t\t<div class=\"elementor-column-wrap elementor-element-populated\">\n\t\t\t\t\t\t\t<div class=\"elementor-widget-wrap\">\n\t\t\t\t\t\t<div class=\"elementor-element elementor-element-cae7046 elementor-widget elementor-widget-text-editor\" data-id=\"cae7046\" data-element_type=\"widget\" data-widget_type=\"text-editor.default\">\n\t\t\t\t<div class=\"elementor-widget-container\">\n\t\t\t\t\t<div class=\"elementor-text-editor elementor-clearfix\"><p>Nous b\u00e9n\u00e9ficions de plus de 20 ans d\u2019exp\u00e9rience professionnelles en Ressources Humaines, en France et \u00e0 l\u2019\u00e9tranger, avec une tr\u00e8s forte dominante autour du recrutement, de l\u2019identification et du d\u00e9veloppement des talents. V\u00e9ritablement passionn\u00e9s par l\u2019id\u00e9e de rechercher la perle rare qui viendra trouver sa place dans votre organisation, nous aimons l\u2019id\u00e9e de faciliter cette rencontre entre un candidat, son parcours, ses comp\u00e9tences, ses aspirations et une entreprise, ses besoins, son organisation, sa culture.<\/p><\/div>\n\t\t\t\t<\/div>\n\t\t\t\t<\/div>\n\t\t\t\t\t\t<\/div>\n\t\t\t\t\t<\/div>\n\t\t<\/div>\n\t\t\t\t\t\t\t\t<\/div>\n\t\t\t\t\t<\/div>\n\t\t<\/section>\n\t\t\t\t\t\t<\/div>\n\t\t\t\t\t\t<\/div>\n\t\t\t\t\t<\/div>\n\t\t","protected":false},"excerpt":{"rendered":"<p>Chez Eurycl\u00e9e Conseil, nous vous accompagnons\u00a0dans tous vos recrutements, qu\u2019il s\u2019agisse de fonctions classiques ou de m\u00e9tiers en tension, nous savons mettre en \u0153uvre les strat\u00e9gies pour d\u00e9tecter, attirer et \u00e9valuer les candidats dont vous avez besoin. Soucieux de s\u00e9lectionner le candidat ou la candidate qui pourra contribuer au d\u00e9veloppement de votre activit\u00e9, nous prendrons [&hellip;]<\/p>\n","protected":false},"author":1,"featured_media":0,"parent":0,"menu_order":0,"comment_status":"closed","ping_status":"closed","template":"elementor_header_footer","meta":{"site-sidebar-layout":"no-sidebar","site-content-layout":"page-builder","ast-site-content-layout":"default","site-content-style":"default","site-sidebar-style":"default","ast-global-header-display":"","ast-banner-title-visibility":"","ast-main-header-display":"disabled","ast-hfb-above-header-display":"","ast-hfb-below-header-display":"","ast-hfb-mobile-header-display":"","site-post-title":"disabled","ast-breadcrumbs-content":"disabled","ast-featured-img":"disabled","footer-sml-layout":"disabled","theme-transparent-header-meta":"default","adv-header-id-meta":"","stick-header-meta":"","header-above-stick-meta":"","header-main-stick-meta":"","header-below-stick-meta":"","astra-migrate-meta-layouts":"default","ast-page-background-enabled":"default","ast-page-background-meta":{"desktop":{"background-color":"var(--ast-global-color-4)","background-image":"","background-repeat":"repeat","background-position":"center center","background-size":"auto","background-attachment":"scroll","background-type":"","background-media":"","overlay-type":"","overlay-color":"","overlay-opacity":"","overlay-gradient":""},"tablet":{"background-color":"","background-image":"","background-repeat":"repeat","background-position":"center center","background-size":"auto","background-attachment":"scroll","background-type":"","background-media":"","overlay-type":"","overlay-color":"","overlay-opacity":"","overlay-gradient":""},"mobile":{"background-color":"","background-image":"","background-repeat":"repeat","background-position":"center center","background-size":"auto","background-attachment":"scroll","background-type":"","background-media":"","overlay-type":"","overlay-color":"","overlay-opacity":"","overlay-gradient":""}},"ast-content-background-meta":{"desktop":{"background-color":"var(--ast-global-color-5)","background-image":"","background-repeat":"repeat","background-position":"center center","background-size":"auto","background-attachment":"scroll","background-type":"","background-media":"","overlay-type":"","overlay-color":"","overlay-opacity":"","overlay-gradient":""},"tablet":{"background-color":"var(--ast-global-color-5)","background-image":"","background-repeat":"repeat","background-position":"center center","background-size":"auto","background-attachment":"scroll","background-type":"","background-media":"","overlay-type":"","overlay-color":"","overlay-opacity":"","overlay-gradient":""},"mobile":{"background-color":"var(--ast-global-color-5)","background-image":"","background-repeat":"repeat","background-position":"center center","background-size":"auto","background-attachment":"scroll","background-type":"","background-media":"","overlay-type":"","overlay-color":"","overlay-opacity":"","overlay-gradient":""}},"footnotes":""},"class_list":["post-541","page","type-page","status-publish","hentry"],"jetpack_sharing_enabled":true,"_links":{"self":[{"href":"https:\/\/euryclee-conseil.com\/index.php?rest_route=\/wp\/v2\/pages\/541","targetHints":{"allow":["GET"]}}],"collection":[{"href":"https:\/\/euryclee-conseil.com\/index.php?rest_route=\/wp\/v2\/pages"}],"about":[{"href":"https:\/\/euryclee-conseil.com\/index.php?rest_route=\/wp\/v2\/types\/page"}],"author":[{"embeddable":true,"href":"https:\/\/euryclee-conseil.com\/index.php?rest_route=\/wp\/v2\/users\/1"}],"replies":[{"embeddable":true,"href":"https:\/\/euryclee-conseil.com\/index.php?rest_route=%2Fwp%2Fv2%2Fcomments&post=541"}],"version-history":[{"count":26,"href":"https:\/\/euryclee-conseil.com\/index.php?rest_route=\/wp\/v2\/pages\/541\/revisions"}],"predecessor-version":[{"id":586,"href":"https:\/\/euryclee-conseil.com\/index.php?rest_route=\/wp\/v2\/pages\/541\/revisions\/586"}],"wp:attachment":[{"href":"https:\/\/euryclee-conseil.com\/index.php?rest_route=%2Fwp%2Fv2%2Fmedia&parent=541"}],"curies":[{"name":"wp","href":"https:\/\/api.w.org\/{rel}","templated":true}]}}